{"id":3054,"date":"2024-07-12T15:34:30","date_gmt":"2024-07-12T15:34:30","guid":{"rendered":"https:\/\/fleximarble.com\/?post_type=product&#038;p=3054"},"modified":"2024-07-12T21:56:13","modified_gmt":"2024-07-12T21:56:13","slug":"eraks-004","status":"publish","type":"product","link":"https:\/\/fleximarble.com\/tr\/urun\/eraks-004\/","title":{"rendered":"ERAKS 004 Aksesuar"},"content":{"rendered":"<p style=\"text-align: center;\">PVC tavan ve duvar panellerinizin g\u00f6r\u00fcn\u00fcm\u00fcn\u00fc ve i\u015flevselli\u011fini 3 metrelik PVC aksesuar\u0131m\u0131zla geli\u015ftirin.<br \/>\nBu \u00e7ok y\u00f6nl\u00fc aksesuar, PVC panellerle sorunsuz bir \u015fekilde entegre olacak \u015fekilde tasarlanm\u0131\u015ft\u0131r ve her i\u00e7 mekana cilal\u0131 ve profesyonel bir g\u00f6r\u00fcn\u00fcm kazand\u0131r\u0131r.<br \/>\nAna \u00d6zellikler:<br \/>\nDayan\u0131kl\u0131 Yap\u0131: Y\u00fcksek kaliteli PVC\u2019den \u00fcretilmi\u015ftir, bu aksesuar uzun \u00f6m\u00fcrl\u00fcd\u00fcr ve neme, k\u00fcfe ve mantara kar\u015f\u0131 m\u00fckemmel diren\u00e7 sunar.<br \/>\nKolay Kurulum: Hafif tasar\u0131m\u0131 ve hassas boyutlar\u0131, hem DIY merakl\u0131lar\u0131 hem de profesyonel montajc\u0131lar i\u00e7in h\u0131zl\u0131 ve sorunsuz bir kurulum sa\u011flar.<br \/>\nSorunsuz Entegrasyon: PVC panellerinizin esteti\u011fine uyacak \u015fekilde tasarlanm\u0131\u015ft\u0131r, bu aksesuar mekan\u0131n\u0131zda uyumlu ve tekd\u00fcze bir g\u00f6r\u00fcn\u00fcm sa\u011flar.<br \/>\n\u00c7ok Y\u00f6nl\u00fc Kullan\u0131m: Konut, ticari ve tar\u0131msal ortamlarda kullan\u0131m i\u00e7in m\u00fckemmeldir, bu aksesuar trim, kenar kaplama ve ek kapaklar\u0131 gibi \u00e7e\u015fitli uygulamalar i\u00e7in kullan\u0131labilir.<br \/>\nD\u00fc\u015f\u00fck Bak\u0131m: P\u00fcr\u00fczs\u00fcz, g\u00f6zeneksiz y\u00fczey temizlemesi ve bak\u0131m\u0131 kolayd\u0131r, mekan\u0131n\u0131z\u0131n minimum \u00e7abayla temiz kalmas\u0131n\u0131 sa\u011flar.<br \/>\nUygulamalar:<br \/>\nTavan Trim: Tavan\u0131n duvarlarla birle\u015fti\u011fi yerde temiz ve bitmi\u015f bir kenar sa\u011flar.<br \/>\nDuvar Kenar Kaplama: Duvar panellerinin kenarlar\u0131na d\u00fczenli ve profesyonel bir biti\u015f sa\u011flar.<br \/>\nBOY 300 CM<br \/>\nUzun ucun geni\u015fli\u011fi 3CM<br \/>\nK\u0131sa u\u00e7 geni\u015fli\u011fi 1.5CM<br \/>\n<a href=\"https:\/\/fleximarble.com\/tr\/urun\/eraks-004-sample\/\">Buraya t\u0131klay\u0131n<\/a> numune istemek i\u00e7in.<br \/>\n<a href=\"https:\/\/api.whatsapp.com\/send\/?phone=%2B905326938350&amp;text&amp;type=phone_number&amp;app_absent=0\">Bize Ula\u015f\u0131n<\/a> toptan sat\u0131\u015f i\u00e7in.<\/p>","protected":false},"excerpt":{"rendered":"<p><a href=\"https:\/\/fleximarble.com\/wp-content\/uploads\/2024\/06\/fast-delivery-label-1-1.jpg\"><img decoding=\"async\" class=\"alignnone wp-image-2777\" src=\"https:\/\/fleximarble.com\/wp-content\/uploads\/2024\/06\/fast-delivery-label-.jpg\" alt=\"\" width=\"121\" height=\"41\" srcset=\"https:\/\/fleximarble.com\/wp-content\/uploads\/2024\/06\/fast-delivery-label-.jpg 300w, https:\/\/fleximarble.com\/wp-content\/uploads\/2024\/06\/fast-delivery-label--18x6.jpg 18w\" sizes=\"(max-width: 121px) 100vw, 121px\" \/><\/a><\/p>","protected":false},"featured_media":3062,"comment_status":"open","ping_status":"closed","template":"","meta":{"_monsterinsights_skip_tracking":false,"_monsterinsights_sitenote_active":false,"_monsterinsights_sitenote_note":"","_monsterinsights_sitenote_category":0,"site-sidebar-layout":"default","site-content-layout":"","ast-site-content-layout":"default","site-content-style":"default","site-sidebar-style":"default","ast-global-header-display":"","ast-banner-title-visibility":"","ast-main-header-display":"","ast-hfb-above-header-display":"","ast-hfb-below-header-display":"","ast-hfb-mobile-header-display":"","site-post-title":"","ast-breadcrumbs-content":"","ast-featured-img":"","footer-sml-layout":"","ast-disable-related-posts":"","theme-transparent-header-meta":"default","adv-header-id-meta":"","stick-header-meta":"","header-above-stick-meta":"","header-main-stick-meta":"","header-below-stick-meta":"","astra-migrate-meta-layouts":"set","ast-page-background-enabled":"default","ast-page-background-meta":{"desktop":{"background-color":"","background-image":"","background-repeat":"repeat","background-position":"center center","background-size":"auto","background-attachment":"scroll","background-type":"","background-media":"","overlay-type":"","overlay-color":"","overlay-opacity":"","overlay-gradient":""},"tablet":{"background-color":"","background-image":"","background-repeat":"repeat","background-position":"center center","background-size":"auto","background-attachment":"scroll","background-type":"","background-media":"","overlay-type":"","overlay-color":"","overlay-opacity":"","overlay-gradient":""},"mobile":{"background-color":"","background-image":"","background-repeat":"repeat","background-position":"center center","background-size":"auto","background-attachment":"scroll","background-type":"","background-media":"","overlay-type":"","overlay-color":"","overlay-opacity":"","overlay-gradient":""}},"ast-content-background-meta":{"desktop":{"background-color":"var(--ast-global-color-4)","background-image":"","background-repeat":"repeat","background-position":"center center","background-size":"auto","background-attachment":"scroll","background-type":"","background-media":"","overlay-type":"","overlay-color":"","overlay-opacity":"","overlay-gradient":""},"tablet":{"background-color":"var(--ast-global-color-4)","background-image":"","background-repeat":"repeat","background-position":"center center","background-size":"auto","background-attachment":"scroll","background-type":"","background-media":"","overlay-type":"","overlay-color":"","overlay-opacity":"","overlay-gradient":""},"mobile":{"background-color":"var(--ast-global-color-4)","background-image":"","background-repeat":"repeat","background-position":"center center","background-size":"auto","background-attachment":"scroll","background-type":"","background-media":"","overlay-type":"","overlay-color":"","overlay-opacity":"","overlay-gradient":""}}},"product_cat":[41],"product_tag":[],"aioseo_notices":[],"_links":{"self":[{"href":"https:\/\/fleximarble.com\/tr\/wp-json\/wp\/v2\/product\/3054"}],"collection":[{"href":"https:\/\/fleximarble.com\/tr\/wp-json\/wp\/v2\/product"}],"about":[{"href":"https:\/\/fleximarble.com\/tr\/wp-json\/wp\/v2\/types\/product"}],"replies":[{"embeddable":true,"href":"https:\/\/fleximarble.com\/tr\/wp-json\/wp\/v2\/comments?post=3054"}],"wp:featuredmedia":[{"embeddable":true,"href":"https:\/\/fleximarble.com\/tr\/wp-json\/wp\/v2\/media\/3062"}],"wp:attachment":[{"href":"https:\/\/fleximarble.com\/tr\/wp-json\/wp\/v2\/media?parent=3054"}],"wp:term":[{"taxonomy":"product_cat","embeddable":true,"href":"https:\/\/fleximarble.com\/tr\/wp-json\/wp\/v2\/product_cat?post=3054"},{"taxonomy":"product_tag","embeddable":true,"href":"https:\/\/fleximarble.com\/tr\/wp-json\/wp\/v2\/product_tag?post=3054"}],"curies":[{"name":"wp","href":"https:\/\/api.w.org\/{rel}","templated":true}]}}