{"id":3014,"date":"2024-07-12T12:58:10","date_gmt":"2024-07-12T12:58:10","guid":{"rendered":"https:\/\/fleximarble.com\/?post_type=product&#038;p=3014"},"modified":"2024-07-13T19:14:41","modified_gmt":"2024-07-13T19:14:41","slug":"erp-006","status":"publish","type":"product","link":"https:\/\/fleximarble.com\/tr\/urun\/erp-006\/","title":{"rendered":"ERP 006 PVC Levha"},"content":{"rendered":"<p style=\"text-align: center;\">Mermer Desenli Esnek Antibakteriyel Pvc Duvar Paneli 122 X 122 cm. ve 122*280 cm iki ayr\u0131 \u00f6l\u00e7\u00fcden te\u015fekk\u00fcl etmektedir. Parlak g\u00f6r\u00fcn\u00fcml\u00fc, su ge\u00e7irmez, yanmaz ve antibakteriyel \u00f6zelliklere sahiptir.<br \/>\nT\u00fcm duvar tipleri i\u00e7in uygundur.<br \/>\nEsnek yap\u0131s\u0131 sayesinde oval k\u00f6\u015felere ve s\u00fctunlara rahatl\u0131kla uygulanabilir.<br \/>\nUygulanacak b\u00f6lge boyutuna g\u00f6re kesip kendiniz d\u00f6\u015feyebilirsiniz.<br \/>\nS\u0131va, boya, fayans, seramik al\u00e7\u0131pan ve bordeks \u00fczerine uygulanabilir.<br \/>\nDolap, masa, sehpa gibi y\u00fczeyi d\u00fcz t\u00fcm e\u015fyalara uygulanabilir.<br \/>\nFal\u00e7ata ile istenilen \u00f6l\u00e7\u00fclere kesilebilir. S\u0131va \u00fczerine kalekim, di\u011fer y\u00fczeylere \u00e7ift tarafl\u0131 bant ve silikon ile yap\u0131\u015ft\u0131r\u0131l\u0131r.<br \/>\nFolyo bask\u0131 \u00fczeri UV Lake ile parlat\u0131lm\u0131\u015ft\u0131r..<br \/>\n\u00dcr\u00fcn \u00f6mr\u00fc 80 y\u0131ld\u0131r.<br \/>\n\u00dcr\u00fcn geni\u015fli\u011fi 122 cm'dir.<br \/>\nKesmek istedi\u011finiz yerleri \u00e7izin ve \u00e7izik \u00fczerinden maket b\u0131\u00e7a\u011f\u0131 ile 2-3 defa bast\u0131rarak ge\u00e7in.<\/p>\n<p style=\"text-align: center;\">2,8 MM KALINLIK<br \/>\n122*244 CM 13,50 KG\/ADET<br \/>\nFarkl\u0131 uzunluk ve toptan sat\u0131\u015f i\u00e7in l\u00fctfen <a href=\"https:\/\/api.whatsapp.com\/send\/?phone=%2B905326938350&amp;text&amp;type=phone_number&amp;app_absent=0\">Bize Ula\u015f\u0131n<\/a>.<br \/>\n<a href=\"https:\/\/fleximarble.com\/tr\/urun\/erp-006-sample\/\">Buraya t\u0131klay\u0131n<\/a> numune istemek i\u00e7in.<\/p>","protected":false},"excerpt":{"rendered":"<p><a href=\"https:\/\/fleximarble.com\/wp-content\/uploads\/2024\/06\/fast-delivery-label-1-1.jpg\"><img decoding=\"async\" class=\"alignnone wp-image-2777\" src=\"https:\/\/fleximarble.com\/wp-content\/uploads\/2024\/06\/fast-delivery-label-.jpg\" alt=\"\" width=\"121\" height=\"41\" srcset=\"https:\/\/fleximarble.com\/wp-content\/uploads\/2024\/06\/fast-delivery-label-.jpg 300w, https:\/\/fleximarble.com\/wp-content\/uploads\/2024\/06\/fast-delivery-label--18x6.jpg 18w\" sizes=\"(max-width: 121px) 100vw, 121px\" \/><\/a><\/p>","protected":false},"featured_media":3015,"comment_status":"open","ping_status":"closed","template":"","meta":{"_monsterinsights_skip_tracking":false,"_monsterinsights_sitenote_active":false,"_monsterinsights_sitenote_note":"","_monsterinsights_sitenote_category":0,"site-sidebar-layout":"default","site-content-layout":"","ast-site-content-layout":"default","site-content-style":"default","site-sidebar-style":"default","ast-global-header-display":"","ast-banner-title-visibility":"","ast-main-header-display":"","ast-hfb-above-header-display":"","ast-hfb-below-header-display":"","ast-hfb-mobile-header-display":"","site-post-title":"","ast-breadcrumbs-content":"","ast-featured-img":"","footer-sml-layout":"","theme-transparent-header-meta":"default","adv-header-id-meta":"","stick-header-meta":"","header-above-stick-meta":"","header-main-stick-meta":"","header-below-stick-meta":"","astra-migrate-meta-layouts":"set","ast-page-background-enabled":"default","ast-page-background-meta":{"desktop":{"background-color":"","background-image":"","background-repeat":"repeat","background-position":"center center","background-size":"auto","background-attachment":"scroll","background-type":"","background-media":"","overlay-type":"","overlay-color":"","overlay-opacity":"","overlay-gradient":""},"tablet":{"background-color":"","background-image":"","background-repeat":"repeat","background-position":"center center","background-size":"auto","background-attachment":"scroll","background-type":"","background-media":"","overlay-type":"","overlay-color":"","overlay-opacity":"","overlay-gradient":""},"mobile":{"background-color":"","background-image":"","background-repeat":"repeat","background-position":"center center","background-size":"auto","background-attachment":"scroll","background-type":"","background-media":"","overlay-type":"","overlay-color":"","overlay-opacity":"","overlay-gradient":""}},"ast-content-background-meta":{"desktop":{"background-color":"var(--ast-global-color-5)","background-image":"","background-repeat":"repeat","background-position":"center center","background-size":"auto","background-attachment":"scroll","background-type":"","background-media":"","overlay-type":"","overlay-color":"","overlay-opacity":"","overlay-gradient":""},"tablet":{"background-color":"var(--ast-global-color-5)","background-image":"","background-repeat":"repeat","background-position":"center center","background-size":"auto","background-attachment":"scroll","background-type":"","background-media":"","overlay-type":"","overlay-color":"","overlay-opacity":"","overlay-gradient":""},"mobile":{"background-color":"var(--ast-global-color-5)","background-image":"","background-repeat":"repeat","background-position":"center center","background-size":"auto","background-attachment":"scroll","background-type":"","background-media":"","overlay-type":"","overlay-color":"","overlay-opacity":"","overlay-gradient":""}}},"product_cat":[28],"product_tag":[],"aioseo_notices":[],"_links":{"self":[{"href":"https:\/\/fleximarble.com\/tr\/wp-json\/wp\/v2\/product\/3014"}],"collection":[{"href":"https:\/\/fleximarble.com\/tr\/wp-json\/wp\/v2\/product"}],"about":[{"href":"https:\/\/fleximarble.com\/tr\/wp-json\/wp\/v2\/types\/product"}],"replies":[{"embeddable":true,"href":"https:\/\/fleximarble.com\/tr\/wp-json\/wp\/v2\/comments?post=3014"}],"wp:featuredmedia":[{"embeddable":true,"href":"https:\/\/fleximarble.com\/tr\/wp-json\/wp\/v2\/media\/3015"}],"wp:attachment":[{"href":"https:\/\/fleximarble.com\/tr\/wp-json\/wp\/v2\/media?parent=3014"}],"wp:term":[{"taxonomy":"product_cat","embeddable":true,"href":"https:\/\/fleximarble.com\/tr\/wp-json\/wp\/v2\/product_cat?post=3014"},{"taxonomy":"product_tag","embeddable":true,"href":"https:\/\/fleximarble.com\/tr\/wp-json\/wp\/v2\/product_tag?post=3014"}],"curies":[{"name":"wp","href":"https:\/\/api.w.org\/{rel}","templated":true}]}}