{"id":2964,"date":"2024-07-11T21:54:56","date_gmt":"2024-07-11T21:54:56","guid":{"rendered":"https:\/\/fleximarble.com\/?post_type=product&#038;p=2964"},"modified":"2024-07-12T22:34:09","modified_gmt":"2024-07-12T22:34:09","slug":"ert-003","status":"publish","type":"product","link":"https:\/\/fleximarble.com\/tr\/urun\/ert-003\/","title":{"rendered":"ERT 003 Tavan Lambri"},"content":{"rendered":"<p style=\"text-align: center;\">Pvc Plastik Lambiri Avantajlar\u0131:<br \/>\nBakteri ve mantar \u00fcremesini \u00f6nler,(Antibakteriyel)<br \/>\nMekan\u0131 b\u00f6cek, kar\u0131nca ve ha\u015fereye kar\u015f\u0131 korur, hijyen sa\u011flar.<br \/>\nTemizlenmesi kolay, boya ve bak\u0131m istemez.<br \/>\nS\u0131v\u0131lardan, Alkali ve bir\u00e7ok asitden etkilenmez.<br \/>\nKolay alev almaz (B1 S\u0131n\u0131f\u0131), direkt alevin uzakla\u015fmas\u0131 sonucu hemen s\u00f6ner.<br \/>\nHafiftir.<br \/>\nKullan\u0131m \u00f6mr\u00fc dolduruldu\u011funda; geri d\u00f6n\u00fc\u015f\u00fcme uygun yap\u0131s\u0131 sayesinde do\u011fay\u0131 koruyarak yeniden kullan\u0131ma sunulabilir.<br \/>\n<a href=\"https:\/\/fleximarble.com\/tr\/urun\/ert-003-sample\/\">Buraya t\u0131klay\u0131n<\/a> numune istemek i\u00e7in.<br \/>\n<a href=\"https:\/\/api.whatsapp.com\/send\/?phone=%2B905326938350&amp;text&amp;type=phone_number&amp;app_absent=0\">Bize Ula\u015f\u0131n<\/a> toptan sat\u0131\u015f i\u00e7in.<br \/>\nEN 20 CM<br \/>\nBOY 600CM<br \/>\n6 mt lik boylar sevkiyat da ikiye b\u00f6l\u00fcn\u00fcr<br \/>\nPAKET M\u0130KTARI 10 ADET<br \/>\n12 M2 ALAN KAPLAR<br \/>\n22,80 KG \/PAKET<br \/>\nSERBEST BOY \u00d6L\u00c7\u00dc \u00dcRET\u0130M\u0130 YAPILMAKTADIR.<\/p>","protected":false},"excerpt":{"rendered":"<p><a href=\"https:\/\/fleximarble.com\/wp-content\/uploads\/2024\/06\/fast-delivery-label-1-1.jpg\"><img decoding=\"async\" class=\"alignnone wp-image-2777\" src=\"https:\/\/fleximarble.com\/wp-content\/uploads\/2024\/06\/fast-delivery-label-.jpg\" alt=\"\" width=\"121\" height=\"41\" srcset=\"https:\/\/fleximarble.com\/wp-content\/uploads\/2024\/06\/fast-delivery-label-.jpg 300w, https:\/\/fleximarble.com\/wp-content\/uploads\/2024\/06\/fast-delivery-label--18x6.jpg 18w\" sizes=\"(max-width: 121px) 100vw, 121px\" \/><\/a><\/p>","protected":false},"featured_media":2966,"comment_status":"open","ping_status":"closed","template":"","meta":{"_monsterinsights_skip_tracking":false,"_monsterinsights_sitenote_active":false,"_monsterinsights_sitenote_note":"","_monsterinsights_sitenote_category":0,"site-sidebar-layout":"default","site-content-layout":"","ast-site-content-layout":"default","site-content-style":"default","site-sidebar-style":"default","ast-global-header-display":"","ast-banner-title-visibility":"","ast-main-header-display":"","ast-hfb-above-header-display":"","ast-hfb-below-header-display":"","ast-hfb-mobile-header-display":"","site-post-title":"","ast-breadcrumbs-content":"","ast-featured-img":"","footer-sml-layout":"","theme-transparent-header-meta":"default","adv-header-id-meta":"","stick-header-meta":"","header-above-stick-meta":"","header-main-stick-meta":"","header-below-stick-meta":"","astra-migrate-meta-layouts":"set","ast-page-background-enabled":"default","ast-page-background-meta":{"desktop":{"background-color":"","background-image":"","background-repeat":"repeat","background-position":"center center","background-size":"auto","background-attachment":"scroll","background-type":"","background-media":"","overlay-type":"","overlay-color":"","overlay-opacity":"","overlay-gradient":""},"tablet":{"background-color":"","background-image":"","background-repeat":"repeat","background-position":"center center","background-size":"auto","background-attachment":"scroll","background-type":"","background-media":"","overlay-type":"","overlay-color":"","overlay-opacity":"","overlay-gradient":""},"mobile":{"background-color":"","background-image":"","background-repeat":"repeat","background-position":"center center","background-size":"auto","background-attachment":"scroll","background-type":"","background-media":"","overlay-type":"","overlay-color":"","overlay-opacity":"","overlay-gradient":""}},"ast-content-background-meta":{"desktop":{"background-color":"var(--ast-global-color-5)","background-image":"","background-repeat":"repeat","background-position":"center center","background-size":"auto","background-attachment":"scroll","background-type":"","background-media":"","overlay-type":"","overlay-color":"","overlay-opacity":"","overlay-gradient":""},"tablet":{"background-color":"var(--ast-global-color-5)","background-image":"","background-repeat":"repeat","background-position":"center center","background-size":"auto","background-attachment":"scroll","background-type":"","background-media":"","overlay-type":"","overlay-color":"","overlay-opacity":"","overlay-gradient":""},"mobile":{"background-color":"var(--ast-global-color-5)","background-image":"","background-repeat":"repeat","background-position":"center center","background-size":"auto","background-attachment":"scroll","background-type":"","background-media":"","overlay-type":"","overlay-color":"","overlay-opacity":"","overlay-gradient":""}}},"product_cat":[39],"product_tag":[],"aioseo_notices":[],"_links":{"self":[{"href":"https:\/\/fleximarble.com\/tr\/wp-json\/wp\/v2\/product\/2964"}],"collection":[{"href":"https:\/\/fleximarble.com\/tr\/wp-json\/wp\/v2\/product"}],"about":[{"href":"https:\/\/fleximarble.com\/tr\/wp-json\/wp\/v2\/types\/product"}],"replies":[{"embeddable":true,"href":"https:\/\/fleximarble.com\/tr\/wp-json\/wp\/v2\/comments?post=2964"}],"wp:featuredmedia":[{"embeddable":true,"href":"https:\/\/fleximarble.com\/tr\/wp-json\/wp\/v2\/media\/2966"}],"wp:attachment":[{"href":"https:\/\/fleximarble.com\/tr\/wp-json\/wp\/v2\/media?parent=2964"}],"wp:term":[{"taxonomy":"product_cat","embeddable":true,"href":"https:\/\/fleximarble.com\/tr\/wp-json\/wp\/v2\/product_cat?post=2964"},{"taxonomy":"product_tag","embeddable":true,"href":"https:\/\/fleximarble.com\/tr\/wp-json\/wp\/v2\/product_tag?post=2964"}],"curies":[{"name":"wp","href":"https:\/\/api.w.org\/{rel}","templated":true}]}}