{"id":2945,"date":"2024-07-11T09:55:18","date_gmt":"2024-07-11T09:55:18","guid":{"rendered":"https:\/\/fleximarble.com\/?post_type=product&#038;p=2945"},"modified":"2024-07-11T10:02:36","modified_gmt":"2024-07-11T10:02:36","slug":"erd-009","status":"publish","type":"product","link":"https:\/\/fleximarble.com\/tr\/urun\/erd-009\/","title":{"rendered":"ERD 009 Duvar Lambr"},"content":{"rendered":"<p style=\"text-align: center;\">Duvar Lambri dekorasyon \u2018da \u00e7\u0131\u011f\u0131r a\u00e7acak yepyeni bir trend ba\u015fl\u0131yor.<br \/>\nSon teknoloji \u00fcr\u00fcn\u00fc sert pvc malzemeden, suya rutubete dayan\u0131kl\u0131 dekoratif duvar ve tavan lambrisi. K\u00f6p\u00fck de\u011fildir. \u00c7ok dayan\u0131kl\u0131d\u0131r.<strong><span style=\"color: #ff0000;\">\u00a0<\/span><\/strong><br \/>\n<a href=\"https:\/\/fleximarble.com\/tr\/urun\/erd-009-sample\/\">Buraya t\u0131klay\u0131n<\/a> numune istemek i\u00e7in.<br \/>\n<a href=\"https:\/\/api.whatsapp.com\/send\/?phone=%2B905326938350&amp;text&amp;type=phone_number&amp;app_absent=0\">Bize Ula\u015f\u0131n<\/a> toptan sat\u0131\u015f i\u00e7in.<br \/>\nEN 17 CM<br \/>\nBOY 300 CM<br \/>\nPAKET M\u0130KTARI 10 ADET<br \/>\n5,1 M2 ALAN KAPLAR<br \/>\n24 KG \/PAKET<\/p>","protected":false},"excerpt":{"rendered":"<p><a href=\"https:\/\/fleximarble.com\/wp-content\/uploads\/2024\/06\/fast-delivery-label-1-1.jpg\"><img decoding=\"async\" class=\"alignnone wp-image-2777\" src=\"https:\/\/fleximarble.com\/wp-content\/uploads\/2024\/06\/fast-delivery-label-.jpg\" alt=\"\" width=\"121\" height=\"41\" srcset=\"https:\/\/fleximarble.com\/wp-content\/uploads\/2024\/06\/fast-delivery-label-.jpg 300w, https:\/\/fleximarble.com\/wp-content\/uploads\/2024\/06\/fast-delivery-label--18x6.jpg 18w\" sizes=\"(max-width: 121px) 100vw, 121px\" \/><\/a><\/p>","protected":false},"featured_media":2947,"comment_status":"open","ping_status":"closed","template":"","meta":{"_monsterinsights_skip_tracking":false,"_monsterinsights_sitenote_active":false,"_monsterinsights_sitenote_note":"","_monsterinsights_sitenote_category":0,"site-sidebar-layout":"default","site-content-layout":"","ast-site-content-layout":"default","site-content-style":"default","site-sidebar-style":"default","ast-global-header-display":"","ast-banner-title-visibility":"","ast-main-header-display":"","ast-hfb-above-header-display":"","ast-hfb-below-header-display":"","ast-hfb-mobile-header-display":"","site-post-title":"","ast-breadcrumbs-content":"","ast-featured-img":"","footer-sml-layout":"","theme-transparent-header-meta":"default","adv-header-id-meta":"","stick-header-meta":"","header-above-stick-meta":"","header-main-stick-meta":"","header-below-stick-meta":"","astra-migrate-meta-layouts":"set","ast-page-background-enabled":"default","ast-page-background-meta":{"desktop":{"background-color":"","background-image":"","background-repeat":"repeat","background-position":"center center","background-size":"auto","background-attachment":"scroll","background-type":"","background-media":"","overlay-type":"","overlay-color":"","overlay-opacity":"","overlay-gradient":""},"tablet":{"background-color":"","background-image":"","background-repeat":"repeat","background-position":"center center","background-size":"auto","background-attachment":"scroll","background-type":"","background-media":"","overlay-type":"","overlay-color":"","overlay-opacity":"","overlay-gradient":""},"mobile":{"background-color":"","background-image":"","background-repeat":"repeat","background-position":"center center","background-size":"auto","background-attachment":"scroll","background-type":"","background-media":"","overlay-type":"","overlay-color":"","overlay-opacity":"","overlay-gradient":""}},"ast-content-background-meta":{"desktop":{"background-color":"var(--ast-global-color-5)","background-image":"","background-repeat":"repeat","background-position":"center center","background-size":"auto","background-attachment":"scroll","background-type":"","background-media":"","overlay-type":"","overlay-color":"","overlay-opacity":"","overlay-gradient":""},"tablet":{"background-color":"var(--ast-global-color-5)","background-image":"","background-repeat":"repeat","background-position":"center center","background-size":"auto","background-attachment":"scroll","background-type":"","background-media":"","overlay-type":"","overlay-color":"","overlay-opacity":"","overlay-gradient":""},"mobile":{"background-color":"var(--ast-global-color-5)","background-image":"","background-repeat":"repeat","background-position":"center center","background-size":"auto","background-attachment":"scroll","background-type":"","background-media":"","overlay-type":"","overlay-color":"","overlay-opacity":"","overlay-gradient":""}}},"product_cat":[40],"product_tag":[],"aioseo_notices":[],"_links":{"self":[{"href":"https:\/\/fleximarble.com\/tr\/wp-json\/wp\/v2\/product\/2945"}],"collection":[{"href":"https:\/\/fleximarble.com\/tr\/wp-json\/wp\/v2\/product"}],"about":[{"href":"https:\/\/fleximarble.com\/tr\/wp-json\/wp\/v2\/types\/product"}],"replies":[{"embeddable":true,"href":"https:\/\/fleximarble.com\/tr\/wp-json\/wp\/v2\/comments?post=2945"}],"wp:featuredmedia":[{"embeddable":true,"href":"https:\/\/fleximarble.com\/tr\/wp-json\/wp\/v2\/media\/2947"}],"wp:attachment":[{"href":"https:\/\/fleximarble.com\/tr\/wp-json\/wp\/v2\/media?parent=2945"}],"wp:term":[{"taxonomy":"product_cat","embeddable":true,"href":"https:\/\/fleximarble.com\/tr\/wp-json\/wp\/v2\/product_cat?post=2945"},{"taxonomy":"product_tag","embeddable":true,"href":"https:\/\/fleximarble.com\/tr\/wp-json\/wp\/v2\/product_tag?post=2945"}],"curies":[{"name":"wp","href":"https:\/\/api.w.org\/{rel}","templated":true}]}}